{"id":427,"date":"2026-02-02T13:07:06","date_gmt":"2026-02-02T16:07:06","guid":{"rendered":"https:\/\/redubicua.com\/?page_id=427"},"modified":"2026-03-02T14:42:57","modified_gmt":"2026-03-02T17:42:57","slug":"cursos-breves","status":"publish","type":"page","link":"https:\/\/redubicua.com\/index.php\/cursos-breves\/","title":{"rendered":"Cursos Breves"},"content":{"rendered":"\n<figure class=\"wp-block-image size-full\"><img loading=\"lazy\" decoding=\"async\" width=\"907\" height=\"510\" src=\"https:\/\/redubicua.com\/wp-content\/uploads\/2026\/01\/portada-newsletter-2.png\" alt=\"\" class=\"wp-image-428\" srcset=\"https:\/\/redubicua.com\/wp-content\/uploads\/2026\/01\/portada-newsletter-2.png 907w, https:\/\/redubicua.com\/wp-content\/uploads\/2026\/01\/portada-newsletter-2-300x169.png 300w, https:\/\/redubicua.com\/wp-content\/uploads\/2026\/01\/portada-newsletter-2-768x432.png 768w\" sizes=\"auto, (max-width: 706px) 89vw, (max-width: 767px) 82vw, 740px\" \/><\/figure>\n\n\n\n<p style=\"font-size:50px\"><strong>Mentalidad IA<\/strong><\/p>\n\n\n\n<ul class=\"wp-block-list has-medium-font-size\">\n<li>Microelearning &#8211; <strong>Duraci\u00f3n estimada 3 a 5 hs.<\/strong><\/li>\n\n\n\n<li><strong>Inicia al momento de inscribirse y confirmarse el Alta en el Campus <\/strong>(Academia Redubicua)<\/li>\n\n\n\n<li><strong>Autogestionado<\/strong> a tu ritmo, con <strong>soporte por Grupo de Wsapp.<\/strong><\/li>\n\n\n\n<li>Se puede realizar <strong>desde la Computadora o el Celular.<\/strong><\/li>\n\n\n\n<li>Se puede realizar desde cualquier lugar con <strong>acceso a Internet.<\/strong><\/li>\n\n\n\n<li><strong>No requiere el pago de ninguna herramienta adicional de IA.<\/strong>!!<\/li>\n\n\n\n<li><strong>No requiere conocimientos previos de Inteligencia Artificial o programaci\u00f3n<\/strong>.<\/li>\n\n\n\n<li>Al finalizar el curso hay un breve m\u00faltiple choice y se emite un<strong> Certificado de Aprobaci\u00f3n.<\/strong><\/li>\n<\/ul>\n\n\n\n<p class=\"has-large-font-size\"><strong>Contenido del Curso<\/strong><\/p>\n\n\n\n<ul class=\"wp-block-list\">\n<li class=\"has-medium-font-size\"><strong>Introducci\u00f3n<\/strong><br>El curso recorre el <strong>Universo Google, con la incorporaci\u00f3n de GEMINI en sus distintos entornos. <\/strong> <br>Desde Youtube, Gmail, Gdrive, Workspace, hasta su propio entorno de trabajo con gemini.google.com, <strong>finalizando con el an\u00e1lisis y creaci\u00f3n  de Asistentes GEMs<\/strong> para el trabajo continuo.<br><\/li>\n\n\n\n<li class=\"has-medium-font-size\"><strong>Modulo 1<\/strong><br>Gemini como asistente en: Youtube, Gmail, Gdrive, Formularios, y mas.<br><\/li>\n\n\n\n<li class=\"has-medium-font-size\"><strong>Modulo 2<\/strong><br>Entorno propio en Gemini.google.com<br>Interacci\u00f3n, fuentes, im\u00e1genes con Nano Banana, an\u00e1lisis detallado (Deep Research) y Aprendizaje Guiado<br><\/li>\n\n\n\n<li class=\"has-medium-font-size\"><strong>Modulo 3<\/strong><br>GEMs Prearmados &#8211; Asistentes &#8211; Usos y An\u00e1lisis.<br>Creaci\u00f3n de Gems propios. Funcionalidades y Trabajo en equipo.<br><\/li>\n\n\n\n<li class=\"has-medium-font-size\"><strong>Modulo 4<\/strong><br>Autoevaluaci\u00f3n (breve m\u00faltiple choice) y emisi\u00f3n de Certificado de Aprobaci\u00f3n. <\/li>\n<\/ul>\n\n\n\n<p class=\"has-text-align-left has-medium-font-size\"><a href=\"https:\/\/forms.gle\/nj8Yub7wBPsLCtRu8\" target=\"_blank\" rel=\"noopener\" title=\"\"><strong>Inscribite hoy mismo<\/strong> (click ac\u00e1)<\/a><\/p>\n\n\n\n<p class=\"has-medium-font-size\"><strong>Valor del Curso 27 d\u00f3lares, <\/strong>(37.800 Pesos de Argentina)<\/p>\n\n\n\n<p class=\"has-medium-font-size\"><strong>\u00a1\u00a1 Nos vemos dentro..!!<\/strong><\/p>\n\n\n\n<p><\/p>\n","protected":false},"excerpt":{"rendered":"<p>Mentalidad IA Contenido del Curso Inscribite hoy mismo (click ac\u00e1) Valor del Curso 27 d\u00f3lares, (37.800 Pesos de Argentina) \u00a1\u00a1 Nos vemos dentro..!!<\/p>\n","protected":false},"author":1,"featured_media":0,"parent":0,"menu_order":0,"comment_status":"closed","ping_status":"closed","template":"","meta":{"footnotes":""},"class_list":["post-427","page","type-page","status-publish","hentry"],"aioseo_notices":[],"_links":{"self":[{"href":"https:\/\/redubicua.com\/index.php\/wp-json\/wp\/v2\/pages\/427","targetHints":{"allow":["GET"]}}],"collection":[{"href":"https:\/\/redubicua.com\/index.php\/wp-json\/wp\/v2\/pages"}],"about":[{"href":"https:\/\/redubicua.com\/index.php\/wp-json\/wp\/v2\/types\/page"}],"author":[{"embeddable":true,"href":"https:\/\/redubicua.com\/index.php\/wp-json\/wp\/v2\/users\/1"}],"replies":[{"embeddable":true,"href":"https:\/\/redubicua.com\/index.php\/wp-json\/wp\/v2\/comments?post=427"}],"version-history":[{"count":4,"href":"https:\/\/redubicua.com\/index.php\/wp-json\/wp\/v2\/pages\/427\/revisions"}],"predecessor-version":[{"id":438,"href":"https:\/\/redubicua.com\/index.php\/wp-json\/wp\/v2\/pages\/427\/revisions\/438"}],"wp:attachment":[{"href":"https:\/\/redubicua.com\/index.php\/wp-json\/wp\/v2\/media?parent=427"}],"curies":[{"name":"wp","href":"https:\/\/api.w.org\/{rel}","templated":true}]}}