{"id":411,"date":"2025-04-20T13:37:18","date_gmt":"2025-04-20T16:37:18","guid":{"rendered":"https:\/\/redubicua.com\/?page_id=411"},"modified":"2025-04-20T13:37:18","modified_gmt":"2025-04-20T16:37:18","slug":"comunidad-en-whatsapp","status":"publish","type":"page","link":"https:\/\/redubicua.com\/index.php\/comunidad-en-whatsapp\/","title":{"rendered":"Comunidad en Whatsapp"},"content":{"rendered":"\n<h2 class=\"wp-block-heading\" id=\"ember63\"><strong>\u00a1\u00a1 Y un d\u00eda lanzamos la Comunidad y sus Masterclasses&#8230;!!<\/strong><\/h2>\n\n\n\n<p id=\"ember65\"><strong>Son clases demostrativas y participativas online de 1 1\/2 hs de duraci\u00f3n, te ofrecen una experiencia de aprendizaje profunda y detallada.<\/strong><\/p>\n\n\n\n<p id=\"ember66\"><strong>Incluyen:<\/strong><\/p>\n\n\n\n<ul class=\"wp-block-list\">\n<li>Encuentro Sincr\u00f3nico <strong>con el\/la profesional experto\/a y con colegas <\/strong>de todo el mundo.<\/li>\n\n\n\n<li><strong>Pr\u00e1ctica de primera mano<\/strong> con nuevas herramientas.<\/li>\n\n\n\n<li><strong>Preguntas y respuestas<\/strong> para resolver todas tus dudas.<\/li>\n\n\n\n<li>Si se te complica participar del encuentro sincr\u00f3nico, \u201cno problem\u201d, igual <strong>recibir\u00e1s la grabaci\u00f3n completa, para verlo con total tranquilidad, las veces que quieras<\/strong><\/li>\n\n\n\n<li><strong>Un grupo de Whatsapp, activo un mes<\/strong> <strong>a partir del encuentro,<\/strong> en donde consultar todas las dudas que siempre surgen al ir practicando.<\/li>\n\n\n\n<li><strong>Una comunidad (en whatsapp) donde mantenerte al d\u00eda<\/strong> de las novedades y de las futuras Masterclasses<\/li>\n<\/ul>\n\n\n\n<h3 class=\"wp-block-heading\" id=\"ember68\"><strong>Comunidad (Gratuita)<\/strong><\/h3>\n\n\n\n<p id=\"ember69\">La participaci\u00f3n en la <strong>Comunidad Redubicua<\/strong> <strong>es Totalmente Gratuita,<\/strong> podes sumarte hoy mismo desde este enlace: <a href=\"https:\/\/chat.whatsapp.com\/L3jog8URXqwJqKCvABw664\" target=\"_blank\" rel=\"noopener\" title=\"\">Redubicua Formaci\u00f3n<\/a><\/p>\n\n\n\n<p id=\"ember70\">Abre este enlace para unirte a la comunidad en WhatsApp: <a href=\"https:\/\/chat.whatsapp.com\/L3jog8URXqwJqKCvABw664\">https:\/\/chat.whatsapp.com\/L3jog8URXqwJqKCvABw664<\/a><\/p>\n\n\n\n<p id=\"ember71\"><strong>Ahi te mantendremos al tanto de todas las novedades, inclu\u00eddas las pr\u00f3ximas Masterclasses.<\/strong><\/p>\n\n\n\n<hr class=\"wp-block-separator has-alpha-channel-opacity\"\/>\n\n\n\n<h3 class=\"wp-block-heading\" id=\"ember72\">Masterclasses (U$S 5 oferta lanzamiento) o su equivalente en moneda local (Argentina $5000 hasta fin de Abril 2025)<\/h3>\n\n\n\n<ul class=\"wp-block-list\">\n<li><strong>Cada mes<\/strong>, excepto en enero, habr\u00e1 <strong>una Masterclass enfocada en un tema espec\u00edfico <\/strong>considerando una o varias herramientas on-line para usar.<\/li>\n\n\n\n<li><strong>Duraci\u00f3n de la masterclass: 1 \u00bd hs.<\/strong><\/li>\n\n\n\n<li><strong>Pr\u00f3xoma Masterclass: Lunes 26\/5\/25 14 Hs (hora Argentina GMT-3)<\/strong><\/li>\n\n\n\n<li>Tema: <strong>INVESTIGACI\u00d3N EN FUENTES PROPIAS (HACIA ADENTRO)<\/strong> con <strong>NoteboookLM <\/strong>Inscripci\u00f3n desde este enlace: <a href=\"https:\/\/chat.whatsapp.com\/IxXunyVB8Mk6zocpSyw9pM\" target=\"_blank\" rel=\"noopener\" title=\"\">NotebookLM &#8211; 26-05-25<\/a><\/li>\n\n\n\n<li>Abre este enlace para unirte al grupo de WhatsApp: <a href=\"https:\/\/chat.whatsapp.com\/IxXunyVB8Mk6zocpSyw9pM\" target=\"_blank\" rel=\"noopener\" title=\"\">https:\/\/chat.whatsapp.com\/IxXunyVB8Mk6zocpSyw9pM<\/a><\/li>\n<\/ul>\n\n\n\n<p id=\"ember74\"><strong>El costo de cada Masterclass ser\u00e1 el equivalente a dos caf\u00e9s<\/strong>, (es como si invitaras un caf\u00e9 a un\/una profesional para que te explique un tema).<\/p>\n\n\n\n<h3 class=\"wp-block-heading\" id=\"ember75\">\u00bfC\u00f3mo te anotas en la pr\u00f3xima Masterclass de NotebookLM?<\/h3>\n\n\n\n<p id=\"ember76\">Dependiendo de donde te encuentres o lo que te resulte mas sencillo, <strong>transferis y envias el comprobante de los 5 U$S cinco d\u00f3lares, podes hacerlo por:<\/strong><\/p>\n\n\n\n<ul class=\"wp-block-list\">\n<li><strong>Paypal<\/strong> : <a href=\"http:\/\/www.paypal.me\/redubicua\">www.paypal.me\/redubicua<\/a><\/li>\n\n\n\n<li><strong>Mercadopago <\/strong>&#8211; Alias: redubicua.mp<\/li>\n\n\n\n<li><strong>Transf. Bancaria<\/strong> &#8211; Alias: redubicua<\/li>\n<\/ul>\n\n\n\n<p id=\"ember78\"><strong>Para completar la inscripci\u00f3n a la Masterclass envias el comprobante de la transferencia x Whatsapp al +54 9 11 33165710. (tambien en la comunidad hay un mensaje para hacerlo desde all\u00ed) o por mail a <\/strong><a href=\"mailto:carlos@redubicua.com\"><strong>carlos@redubicua.com<\/strong><\/a><strong><\/strong><\/p>\n\n\n\n<hr class=\"wp-block-separator has-alpha-channel-opacity\"\/>\n\n\n\n<h3 class=\"wp-block-heading\" id=\"ember79\"><strong>\u00bfQue vamos a ver en la Masterclass de NotebookLM?<\/strong><\/h3>\n\n\n\n<ul class=\"wp-block-list\">\n<li><strong>C\u00f3mo utilizar de manera gratuita<\/strong> la herramienta<\/li>\n\n\n\n<li><strong>C\u00f3mo trabajar con distintas fuentes de informaci\u00f3n:<\/strong> Textos, PDF, Videos youtube, audios MP3, enlaces web, Presentaciones.<\/li>\n\n\n\n<li><strong>C\u00f3mo obtener en segundos:<\/strong> Res\u00famenes, Cuestionarios preguntas y respuestas, mapas conceptuales, Podcast en espa\u00f1ol e interactuar en vivo con los contenidos de las fuentes.<\/li>\n<\/ul>\n\n\n\n<h2 class=\"wp-block-heading\" id=\"ember81\"><strong>\u00a1\u00a1\u00a1 No te lo podes perder&#8230;!!! Nos vemos en la comunidad&#8230;!!<\/strong><\/h2>\n\n\n\n<p><\/p>\n","protected":false},"excerpt":{"rendered":"<p>\u00a1\u00a1 Y un d\u00eda lanzamos la Comunidad y sus Masterclasses&#8230;!! Son clases demostrativas y participativas online de 1 1\/2 hs de duraci\u00f3n, te ofrecen una experiencia de aprendizaje profunda y detallada. Incluyen: Comunidad (Gratuita) La participaci\u00f3n en la Comunidad Redubicua es Totalmente Gratuita, podes sumarte hoy mismo desde este enlace: Redubicua Formaci\u00f3n Abre este enlace &hellip; <\/p>\n<p class=\"link-more\"><a href=\"https:\/\/redubicua.com\/index.php\/comunidad-en-whatsapp\/\" class=\"more-link\">Segu\u00ed leyendo<span class=\"screen-reader-text\"> &#8220;Comunidad en Whatsapp&#8221;<\/span><\/a><\/p>\n","protected":false},"author":1,"featured_media":0,"parent":0,"menu_order":0,"comment_status":"closed","ping_status":"closed","template":"","meta":{"footnotes":""},"class_list":["post-411","page","type-page","status-publish","hentry"],"aioseo_notices":[],"_links":{"self":[{"href":"https:\/\/redubicua.com\/index.php\/wp-json\/wp\/v2\/pages\/411","targetHints":{"allow":["GET"]}}],"collection":[{"href":"https:\/\/redubicua.com\/index.php\/wp-json\/wp\/v2\/pages"}],"about":[{"href":"https:\/\/redubicua.com\/index.php\/wp-json\/wp\/v2\/types\/page"}],"author":[{"embeddable":true,"href":"https:\/\/redubicua.com\/index.php\/wp-json\/wp\/v2\/users\/1"}],"replies":[{"embeddable":true,"href":"https:\/\/redubicua.com\/index.php\/wp-json\/wp\/v2\/comments?post=411"}],"version-history":[{"count":4,"href":"https:\/\/redubicua.com\/index.php\/wp-json\/wp\/v2\/pages\/411\/revisions"}],"predecessor-version":[{"id":416,"href":"https:\/\/redubicua.com\/index.php\/wp-json\/wp\/v2\/pages\/411\/revisions\/416"}],"wp:attachment":[{"href":"https:\/\/redubicua.com\/index.php\/wp-json\/wp\/v2\/media?parent=411"}],"curies":[{"name":"wp","href":"https:\/\/api.w.org\/{rel}","templated":true}]}}