{"id":332,"date":"2024-01-27T11:36:47","date_gmt":"2024-01-27T14:36:47","guid":{"rendered":"https:\/\/redubicua.com\/?page_id=332"},"modified":"2024-01-27T15:24:02","modified_gmt":"2024-01-27T18:24:02","slug":"bienvenidos-as","status":"publish","type":"page","link":"https:\/\/redubicua.com\/","title":{"rendered":"Inicio"},"content":{"rendered":"\n<p>Es un gusto que hayas venido, esperamos poder ayudarte y crecer juntos en el desarrollo de un <strong>Elearning Relevante y de Calidad.<\/strong><\/p>\n\n\n\n<p>En el Men\u00fa Superior est\u00e1n cada una de nuestras \u00e1reas, al hacer clic vas a ver en detalle de qu\u00e9 se tratan.<\/p>\n\n\n\n<p>Quedamos a tu entera disposici\u00f3n para cualquier consulta, sin ning\u00fan compromiso en <a href=\"mailto: info@redubicua.com\" title=\"\">info@redubicua.com <\/a><\/p>\n","protected":false},"excerpt":{"rendered":"<p>Es un gusto que hayas venido, esperamos poder ayudarte y crecer juntos en el desarrollo de un Elearning Relevante y de Calidad. En el Men\u00fa Superior est\u00e1n cada una de nuestras \u00e1reas, al hacer clic vas a ver en detalle de qu\u00e9 se tratan. Quedamos a tu entera disposici\u00f3n para cualquier consulta, sin ning\u00fan compromiso &hellip; <\/p>\n<p class=\"link-more\"><a href=\"https:\/\/redubicua.com\/\" class=\"more-link\">Segu\u00ed leyendo<span class=\"screen-reader-text\"> &#8220;Inicio&#8221;<\/span><\/a><\/p>\n","protected":false},"author":1,"featured_media":0,"parent":0,"menu_order":0,"comment_status":"closed","ping_status":"closed","template":"","meta":{"footnotes":""},"class_list":["post-332","page","type-page","status-publish","hentry"],"aioseo_notices":[],"_links":{"self":[{"href":"https:\/\/redubicua.com\/index.php\/wp-json\/wp\/v2\/pages\/332","targetHints":{"allow":["GET"]}}],"collection":[{"href":"https:\/\/redubicua.com\/index.php\/wp-json\/wp\/v2\/pages"}],"about":[{"href":"https:\/\/redubicua.com\/index.php\/wp-json\/wp\/v2\/types\/page"}],"author":[{"embeddable":true,"href":"https:\/\/redubicua.com\/index.php\/wp-json\/wp\/v2\/users\/1"}],"replies":[{"embeddable":true,"href":"https:\/\/redubicua.com\/index.php\/wp-json\/wp\/v2\/comments?post=332"}],"version-history":[{"count":4,"href":"https:\/\/redubicua.com\/index.php\/wp-json\/wp\/v2\/pages\/332\/revisions"}],"predecessor-version":[{"id":364,"href":"https:\/\/redubicua.com\/index.php\/wp-json\/wp\/v2\/pages\/332\/revisions\/364"}],"wp:attachment":[{"href":"https:\/\/redubicua.com\/index.php\/wp-json\/wp\/v2\/media?parent=332"}],"curies":[{"name":"wp","href":"https:\/\/api.w.org\/{rel}","templated":true}]}}