{"id":175,"date":"2020-03-26T02:01:29","date_gmt":"2020-03-26T05:01:29","guid":{"rendered":"https:\/\/redubicua.com\/?page_id=175"},"modified":"2020-03-27T11:31:35","modified_gmt":"2020-03-27T14:31:35","slug":"primeros-auxilios-o-elearning","status":"publish","type":"page","link":"https:\/\/redubicua.com\/index.php\/primeros-auxilios-o-elearning\/","title":{"rendered":"Primeros Auxilios o elearning"},"content":{"rendered":"\n<p>por Carlos E. Rodriguez (Lic. en eduaci\u00f3n &#8211; especialista en elearning)<\/p>\n\n\n\n<figure class=\"wp-block-image size-large\"><img loading=\"lazy\" decoding=\"async\" width=\"1024\" height=\"526\" src=\"https:\/\/redubicua.com\/wp-content\/uploads\/2020\/03\/RCP-2-1024x526.jpg\" alt=\"\" class=\"wp-image-176\" srcset=\"https:\/\/redubicua.com\/wp-content\/uploads\/2020\/03\/RCP-2-1024x526.jpg 1024w, https:\/\/redubicua.com\/wp-content\/uploads\/2020\/03\/RCP-2-416x214.jpg 416w, https:\/\/redubicua.com\/wp-content\/uploads\/2020\/03\/RCP-2-300x154.jpg 300w, https:\/\/redubicua.com\/wp-content\/uploads\/2020\/03\/RCP-2-768x395.jpg 768w, https:\/\/redubicua.com\/wp-content\/uploads\/2020\/03\/RCP-2.jpg 1080w\" sizes=\"auto, (max-width: 706px) 89vw, (max-width: 767px) 82vw, 740px\" \/><\/figure>\n\n\n\n<h2 class=\"has-text-align-center wp-block-heading\">\u00a1 Surfear la crisis o hacer e-learning !<\/h2>\n\n\n\n<p>Me sigo soprendiendo cuando veo titulares (promociones) del tipo, su escuela on-line en 72 hs. o los 5 pasos para hacer elearning de calidad.<\/p>\n\n\n\n<p>Si bien uno ya est\u00e1 acostumbrado a &#8220;los 5 pasos para el \u00e9xito y la fortuna&#8221;, y esos tipos de fraudes, en el caso del elearning creo que pesa m\u00e1s el desconocimiento que la mala voluntad (o el fraude).<\/p>\n\n\n\n<p><strong>Es como confundir el RCP, con un diagn\u00f3stico y tratamiento para superar un paro cardiorespiratorio.<\/strong><\/p>\n\n\n\n<p class=\"has-text-align-center\"><strong>Voy a decirlo con todas las letras: &#8220;Unos cuantos pdf subidos a una plataforma, unos videos explicativos, inclusive ponerse frente a una c\u00e1mara en vivo a dar una explicaci\u00f3n expositiva, \u00a1NO ES HACER ELEARNING!.<\/strong><\/p>\n\n\n\n<p>Si te dijeron que eso era &#8220;hacer elearning&#8221; lamento decirte que te enga\u00f1aron.<\/p>\n\n\n\n<p>Pueden ser elementos v\u00e1lidos, en un &#8220;entorno de elearning&#8221; (educaci\u00f3n a distancia por internet), pero por s\u00ed solos no constituyen un espacio de elearning.<\/p>\n\n\n\n<figure class=\"wp-block-pullquote\"><blockquote><p>El elearning es un ECOSISTEMA EDUCATIVO, y como tal tiene partes imprescindibles que se influyen mutuamente, para bien o para mal, como en un ecosistema biol\u00f3gico complejo.<\/p><\/blockquote><\/figure>\n\n\n\n<p>En estos tiempos del COVID-19 , soy testigo cada d\u00eda,  de cientos de docentes que de repente, se encontraron distanciados de sus alumnos y tuvieron que sacar &#8220;de la galera&#8221; alguna estrategia para hacerles llegar alg\u00fan contenido y poder trabajarlo en forma remota.  <br>Rescato y valoro enormemente el esfuerzo  \u00a1Aplausos de pie! con total sinceridad. <br>Pero lamento que algunos lo vean (o lo vendan) como elearning.<\/p>\n\n\n\n<p>La Educaci\u00f3n a Distancia, ya desde sus inicios (en papel), se la consideraba como educaci\u00f3n supletoria, de 2da. o 3ra. categor\u00eda, all\u00ed donde no pod\u00eda llegar la &#8220;buena educaci\u00f3n&#8221; (presencial), llegaban los cursos &#8220;autoasistidos&#8221; y luego los cursos on-line. Pas\u00f3 mucho tiempo de eso, y hoy existen excelentes experiencias de elearning de calidad, iguales o superiores a la formaci\u00f3n presencial, podr\u00edamos dar cientos de ejemplos de ello, pero no viene al caso.<\/p>\n\n\n\n<p><strong>Lo cierto es que parece que ante &#8220;la emergencia&#8221;, vuelve la &#8220;receta m\u00e1gica&#8221;, hasta que podamos volver a la &#8220;buena educaci\u00f3n&#8221;, la presencial.<\/strong><\/p>\n\n\n\n<p><strong><em>El elearning, c\u00f3mo cualquier entorno de Educaci\u00f3n, necesita tener en cuenta a los protagonistas (Ense\u00f1antes y Aprendientes), y al ser una situaci\u00f3n mediada por tecnolog\u00eda es necesario (imprescindible) tener en cuenta las condiciones, materiales y conceptuales, de esos protagonistas.<\/em><\/strong><\/p>\n\n\n\n<p>Ante la falta de conocimiento y experiencia se cae en absurdos absolutos, por ejemplo:<\/p>\n\n\n\n<ul class=\"wp-block-list\"><li><strong>Usemos un Blog para subir todos los materiales que deber\u00e1n estudiar (pdf-video-etc). <\/strong><br>Surge la pregunta: Suponiendo en el mejor de los casos, que pudieron acceder a esos materiales, \u00bfc\u00f3mo sabremos si entendi\u00f3 algo? \u00bfSi acaso ley\u00f3 y comprendi\u00f3 los textos o puedo entender los videos?<\/li><li><strong>Bien, hagamos Video-conferencia y expliqu\u00e9mosle los puntos tratados en los textos.<\/strong> <br>\u00bfCu\u00e1les ser\u00e1n las condiciones en esas video-conferencias? \u00bftendr\u00e1n el ambiente adecuado? \u00bfrecibir\u00e1n sin dificultad al audio y video de las explicaciones? \u00bfC\u00f3mo ser\u00e1 el Feedback, si surgen dudas?<\/li><li><strong>Pongamos un Padlet (un pizarron de corcho virtual) en donde suban sus producciones, dudas, inquietudes<\/strong>. O que aporten en los comentarios de los videos sus consultas o en medio de la video conferencia.<\/li><\/ul>\n\n\n\n<p>Todos estos items, que quiz\u00e1s suenen muy rid\u00edculos, les puedo asegurar que son ideas que escuch\u00e9 en estos d\u00edas, como soluciones m\u00e1gicas, para superar la crisis.<\/p>\n\n\n\n<p>Dos ideas finales, para concluir siendo un tanto optimistas en medio de la contingencia:<\/p>\n\n\n\n<ol class=\"wp-block-list\"><li><strong>Busquemos estrategias lo m\u00e1s sencillas posibles, caminos de ida y vuelta,<\/strong> <strong>para sostener un acompa\u00f1amiento de aprendizaje<\/strong>, aunque resulte b\u00e1sico, pero que se pueda sostener en el tiempo. Aunque no sea vistoso ni suene grandioso (el email por ejemplo). Escalemos a partir de un piso b\u00e1sico.<br>Si hay una plataforma de elearning consistente (Moodle &#8211; Edmodo &#8211; etc), crezcamos en su uso y aplicaciones.<\/li><li><strong>Un segundo punto, no menos importante, no frustremos a &#8220;alumnos y maestros&#8221; exigiendo cosas absurdas e in\u00fatiles, si esto sucede cuando digamos la palabra elearning solo vamos a recibir actitudes negativas.<\/strong><br><strong>Aprovechemos la contingencia, para ir descubriendo juntos, la riqueza del contacto on-line, si a\u00fan no lo conocemos. Y poder ir explorando paso a paso sus valiosos matices.<\/strong><\/li><\/ol>\n\n\n\n<p>La contingencia (el Covid-19 en este caso) un d\u00eda va a estar superada, que este tiempo sirva para aprender y no solo para frustrar.<\/p>\n\n\n\n<p class=\"has-text-align-center\"><strong>\u00a1Les deseo el mejor de los \u00e9xitos en todos sus esfuerzos!.<\/strong><\/p>\n\n\n\n<p><strong>Cualquier consulta, en medio de los tiempos de la contingencia, a su total disposici\u00f3n.<\/strong><\/p>\n\n\n\n<p>#yoelearning #covid-19 #elearning #aprendizajeonline #eduacion #educaciononline<\/p>\n","protected":false},"excerpt":{"rendered":"<p>por Carlos E. Rodriguez (Lic. en eduaci\u00f3n &#8211; especialista en elearning) \u00a1 Surfear la crisis o hacer e-learning ! Me sigo soprendiendo cuando veo titulares (promociones) del tipo, su escuela on-line en 72 hs. o los 5 pasos para hacer elearning de calidad. Si bien uno ya est\u00e1 acostumbrado a &#8220;los 5 pasos para el &hellip; <\/p>\n<p class=\"link-more\"><a href=\"https:\/\/redubicua.com\/index.php\/primeros-auxilios-o-elearning\/\" class=\"more-link\">Segu\u00ed leyendo<span class=\"screen-reader-text\"> &#8220;Primeros Auxilios o elearning&#8221;<\/span><\/a><\/p>\n","protected":false},"author":1,"featured_media":0,"parent":0,"menu_order":0,"comment_status":"open","ping_status":"closed","template":"","meta":{"footnotes":""},"class_list":["post-175","page","type-page","status-publish","hentry"],"aioseo_notices":[],"_links":{"self":[{"href":"https:\/\/redubicua.com\/index.php\/wp-json\/wp\/v2\/pages\/175","targetHints":{"allow":["GET"]}}],"collection":[{"href":"https:\/\/redubicua.com\/index.php\/wp-json\/wp\/v2\/pages"}],"about":[{"href":"https:\/\/redubicua.com\/index.php\/wp-json\/wp\/v2\/types\/page"}],"author":[{"embeddable":true,"href":"https:\/\/redubicua.com\/index.php\/wp-json\/wp\/v2\/users\/1"}],"replies":[{"embeddable":true,"href":"https:\/\/redubicua.com\/index.php\/wp-json\/wp\/v2\/comments?post=175"}],"version-history":[{"count":2,"href":"https:\/\/redubicua.com\/index.php\/wp-json\/wp\/v2\/pages\/175\/revisions"}],"predecessor-version":[{"id":179,"href":"https:\/\/redubicua.com\/index.php\/wp-json\/wp\/v2\/pages\/175\/revisions\/179"}],"wp:attachment":[{"href":"https:\/\/redubicua.com\/index.php\/wp-json\/wp\/v2\/media?parent=175"}],"curies":[{"name":"wp","href":"https:\/\/api.w.org\/{rel}","templated":true}]}}